{"id":1000,"date":"2019-07-17T11:10:42","date_gmt":"2019-07-17T09:10:42","guid":{"rendered":"https:\/\/www.sutermeister.ch\/experiences-et-references\/"},"modified":"2024-07-06T17:30:32","modified_gmt":"2024-07-06T15:30:32","slug":"mandate-kunden","status":"publish","type":"page","link":"https:\/\/www.sutermeister.ch\/de\/mandate-kunden\/","title":{"rendered":"Mandate \/ Kunden"},"content":{"rendered":"<div class=\"wpb-content-wrapper\"><p>[vc_row row_type=&#8220;row&#8220; use_row_as_full_screen_section=&#8220;no&#8220; type=&#8220;full_width&#8220; text_align=&#8220;left&#8220; background_animation=&#8220;none&#8220; css_animation=&#8220;&#8220; el_class=&#8220;bigger&#8220;][vc_column][vc_separator type=&#8220;normal&#8220; border_style=&#8220;&#8220; down=&#8220;15&#8243; color=&#8220;#000000&#8243;][vc_row_inner row_type=&#8220;row&#8220; type=&#8220;full_width&#8220; use_row_as_full_screen_section_slide=&#8220;no&#8220; text_align=&#8220;left&#8220; css_animation=&#8220;&#8220; css=&#8220;.vc_custom_1578238147519{padding-right: 20px !important;padding-left: 20px !important;}&#8220;][vc_column_inner][vc_column_text css=&#8220;&#8220;]District de la Sarine &#8211; Canton de Fribourg[\/vc_column_text][vc_column_text css=&#8220;&#8220;]<\/p>\n<h3>R\u00e9gionalisation de la culture et de son financement<\/h3>\n<p>[\/vc_column_text][vc_column_text css=&#8220;&#8220;]District de la Sarine\u00a0 \/ 2022- en cours\u00a0 \/ Politique culturelle[\/vc_column_text][\/vc_column_inner][\/vc_row_inner][\/vc_column][\/vc_row][vc_row row_type=&#8220;row&#8220; use_row_as_full_screen_section=&#8220;no&#8220; type=&#8220;full_width&#8220; text_align=&#8220;left&#8220; background_animation=&#8220;none&#8220; css_animation=&#8220;&#8220; el_class=&#8220;bigger&#8220;][vc_column][vc_separator type=&#8220;normal&#8220; border_style=&#8220;&#8220; down=&#8220;15&#8243; color=&#8220;#000000&#8243;][vc_row_inner row_type=&#8220;row&#8220; type=&#8220;full_width&#8220; use_row_as_full_screen_section_slide=&#8220;no&#8220; text_align=&#8220;left&#8220; css_animation=&#8220;&#8220; css=&#8220;.vc_custom_1578238147519{padding-right: 20px !important;padding-left: 20px !important;}&#8220;][vc_column_inner][vc_column_text]Ville de Nyon[\/vc_column_text][vc_column_text]<\/p>\n<h3><a href=\"https:\/\/www.nyon.ch\/nyon-officiel\/politiques-thematiques\/politique-culturelle-11664\/\">Culture !<\/a>\u00a0 &#8211;\u00a0 Accompagnement dans la conception d&#8217;une politique culturelle pour la Ville de Nyon<\/h3>\n<p>[\/vc_column_text][vc_column_text]Ville de Nyon\u00a0 \/ 2020-21\u00a0 \/ Politique culturelle[\/vc_column_text][\/vc_column_inner][\/vc_row_inner][\/vc_column][\/vc_row][vc_row row_type=&#8220;row&#8220; use_row_as_full_screen_section=&#8220;no&#8220; type=&#8220;full_width&#8220; text_align=&#8220;left&#8220; background_animation=&#8220;none&#8220; css_animation=&#8220;&#8220; el_class=&#8220;bigger&#8220;][vc_column][vc_separator type=&#8220;normal&#8220; border_style=&#8220;&#8220; down=&#8220;15&#8243; color=&#8220;#000000&#8243;][vc_row_inner row_type=&#8220;row&#8220; type=&#8220;full_width&#8220; use_row_as_full_screen_section_slide=&#8220;no&#8220; text_align=&#8220;left&#8220; css_animation=&#8220;&#8220; css=&#8220;.vc_custom_1578238147519{padding-right: 20px !important;padding-left: 20px !important;}&#8220;][vc_column_inner][vc_column_text]<\/p>\n<h2>Observatoire des politiques culturelles<\/h2>\n<p>[\/vc_column_text][vc_column_text]<\/p>\n<h3>Cartosc\u00e8ne &#8211; pour une cartographie des arts de la sc\u00e8ne en Suisse romande<\/h3>\n<p>[\/vc_column_text][vc_column_text]F\u00e9d\u00e9ration romande des arts de la sc\u00e8ne (FRAS) \u00a0\/ 2019 \u00a0\/ Politique culturelle[\/vc_column_text][\/vc_column_inner][\/vc_row_inner][vc_separator type=&#8220;normal&#8220; border_style=&#8220;&#8220; up=&#8220;15&#8243; down=&#8220;20&#8243; color=&#8220;#000000&#8243;][\/vc_column][\/vc_row][vc_row row_type=&#8220;row&#8220; use_row_as_full_screen_section=&#8220;no&#8220; type=&#8220;full_width&#8220; text_align=&#8220;left&#8220; background_animation=&#8220;none&#8220; css_animation=&#8220;&#8220; el_class=&#8220;bigger&#8220;][vc_column][vc_row_inner row_type=&#8220;row&#8220; type=&#8220;full_width&#8220; use_row_as_full_screen_section_slide=&#8220;no&#8220; text_align=&#8220;left&#8220; css_animation=&#8220;&#8220; css=&#8220;.vc_custom_1578238147519{padding-right: 20px !important;padding-left: 20px !important;}&#8220;][vc_column_inner][vc_column_text]<\/p>\n<h2>Politique culturelle<\/h2>\n<p>[\/vc_column_text][vc_column_text]<\/p>\n<h3><a href=\"https:\/\/www.sutermeister.ch\/site\/wp-content\/uploads\/2019\/08\/Sutermeister_Mandat_Politique_culturelle_Bulle_Sutermeister__11.11.18-copie.pdf\" target=\"_blank\" rel=\"noopener noreferrer\">Etat des lieux et recommandations<\/a>\u00a0pour dynamiser la politique culturelle de Bulle<\/h3>\n<p>[\/vc_column_text][vc_column_text]Ville de Bulle \/ 2018 \/ Politique culturelle[\/vc_column_text][\/vc_column_inner][\/vc_row_inner][vc_separator type=&#8220;normal&#8220; border_style=&#8220;&#8220; up=&#8220;15&#8243; down=&#8220;20&#8243; color=&#8220;#000000&#8243;][\/vc_column][\/vc_row][vc_row row_type=&#8220;row&#8220; use_row_as_full_screen_section=&#8220;no&#8220; type=&#8220;full_width&#8220; text_align=&#8220;left&#8220; background_animation=&#8220;none&#8220; css_animation=&#8220;&#8220; el_class=&#8220;.bigger&#8220;][vc_column][vc_row_inner row_type=&#8220;row&#8220; type=&#8220;full_width&#8220; use_row_as_full_screen_section_slide=&#8220;no&#8220; text_align=&#8220;left&#8220; css_animation=&#8220;&#8220; css=&#8220;.vc_custom_1578238213692{padding-right: 20px !important;padding-left: 20px !important;}&#8220;][vc_column_inner][vc_column_text]<\/p>\n<h2>Politique culturelle<\/h2>\n<p>[\/vc_column_text][vc_column_text]<\/p>\n<h3><a href=\"https:\/\/www.sutermeister.ch\/site\/wp-content\/uploads\/2019\/09\/Rapport_Vision-culture_Fully_juillet_2014.pdf\" target=\"_blank\" rel=\"noopener noreferrer\">Vision pour une politique culturelle<\/a>\u00a0\u00e0 Fully 2014-2020<\/h3>\n<p>[\/vc_column_text][vc_column_text]Fully \/ 2014 \/ Politique culturelle[\/vc_column_text][\/vc_column_inner][\/vc_row_inner][vc_separator type=&#8220;normal&#8220; border_style=&#8220;&#8220; up=&#8220;15&#8243; down=&#8220;20&#8243; color=&#8220;#000000&#8243;][\/vc_column][\/vc_row][vc_row row_type=&#8220;row&#8220; use_row_as_full_screen_section=&#8220;no&#8220; type=&#8220;full_width&#8220; text_align=&#8220;left&#8220; background_animation=&#8220;none&#8220; css_animation=&#8220;&#8220; el_class=&#8220;.bigger&#8220;][vc_column][vc_row_inner row_type=&#8220;row&#8220; type=&#8220;full_width&#8220; use_row_as_full_screen_section_slide=&#8220;no&#8220; text_align=&#8220;left&#8220; css_animation=&#8220;&#8220; css=&#8220;.vc_custom_1578238213692{padding-right: 20px !important;padding-left: 20px !important;}&#8220;][vc_column_inner][vc_column_text]<\/p>\n<h2>Projet de fusion &#8211; mod\u00e8le d&#8217;affaire<\/h2>\n<p>[\/vc_column_text][vc_column_text]<\/p>\n<h3>Focus Photo Bienne<\/h3>\n<p>[\/vc_column_text][vc_column_text]Bienne_Canton de Berne \/ 2014 \/ Politique culturelle[\/vc_column_text][\/vc_column_inner][\/vc_row_inner][vc_separator type=&#8220;normal&#8220; border_style=&#8220;&#8220; up=&#8220;15&#8243; down=&#8220;20&#8243; color=&#8220;#000000&#8243;][\/vc_column][\/vc_row][vc_row row_type=&#8220;row&#8220; use_row_as_full_screen_section=&#8220;no&#8220; type=&#8220;full_width&#8220; text_align=&#8220;left&#8220; background_animation=&#8220;none&#8220; css_animation=&#8220;&#8220; el_class=&#8220;.bigger&#8220;][vc_column][vc_row_inner row_type=&#8220;row&#8220; type=&#8220;full_width&#8220; use_row_as_full_screen_section_slide=&#8220;no&#8220; text_align=&#8220;left&#8220; css_animation=&#8220;&#8220; css=&#8220;.vc_custom_1578238213692{padding-right: 20px !important;padding-left: 20px !important;}&#8220;][vc_column_inner][vc_column_text]<\/p>\n<h2>Mod\u00e8le d&#8217;affaire<\/h2>\n<p>[\/vc_column_text][vc_column_text]<\/p>\n<h3>Etude de faisabilit\u00e9 et mod\u00e8le d&#8217;affaire pour une nouvelle salle de spectacle et MICE \u00e0 Verbier_Bagnes<\/h3>\n<p>[\/vc_column_text][vc_column_text]Bagne \/ 2014 \/ Politique culturelle et management culturel[\/vc_column_text][\/vc_column_inner][\/vc_row_inner][vc_separator type=&#8220;normal&#8220; border_style=&#8220;&#8220; up=&#8220;15&#8243; down=&#8220;20&#8243; color=&#8220;#000000&#8243;][\/vc_column][\/vc_row][vc_row row_type=&#8220;row&#8220; use_row_as_full_screen_section=&#8220;no&#8220; type=&#8220;full_width&#8220; text_align=&#8220;left&#8220; background_animation=&#8220;none&#8220; css_animation=&#8220;&#8220; el_class=&#8220;.bigger&#8220;][vc_column][vc_row_inner row_type=&#8220;row&#8220; type=&#8220;full_width&#8220; use_row_as_full_screen_section_slide=&#8220;no&#8220; text_align=&#8220;left&#8220; css_animation=&#8220;&#8220; css=&#8220;.vc_custom_1578238301959{padding-right: 20px !important;padding-left: 20px !important;}&#8220;][vc_column_inner][vc_column_text]<\/p>\n<h2>Politique culturelle &#8211; d\u00e9veloppement urbain<\/h2>\n<p>[\/vc_column_text][vc_column_text]<\/p>\n<h3>Profils culturels des villes et du Canton du Valais &#8211;\u00a0<a href=\"https:\/\/www.sutermeister.ch\/site\/wp-content\/uploads\/2019\/09\/Sutermeister_Rapport_Profils_culturels_VS_Sutermeister-2012.pdf\" target=\"_blank\" rel=\"noopener noreferrer\">Rapport 2012<\/a><\/h3>\n<p>[\/vc_column_text][vc_column_text]Canton du Valais \/ 2012 \/ Culture[\/vc_column_text][\/vc_column_inner][\/vc_row_inner][vc_separator type=&#8220;normal&#8220; border_style=&#8220;&#8220; up=&#8220;15&#8243; down=&#8220;20&#8243; color=&#8220;#000000&#8243;][\/vc_column][\/vc_row][vc_row row_type=&#8220;row&#8220; use_row_as_full_screen_section=&#8220;no&#8220; type=&#8220;full_width&#8220; text_align=&#8220;left&#8220; background_animation=&#8220;none&#8220; css_animation=&#8220;&#8220; el_class=&#8220;.bigger&#8220;][vc_column][vc_row_inner row_type=&#8220;row&#8220; type=&#8220;full_width&#8220; use_row_as_full_screen_section_slide=&#8220;no&#8220; text_align=&#8220;left&#8220; css_animation=&#8220;&#8220; css=&#8220;.vc_custom_1578238301959{padding-right: 20px !important;padding-left: 20px !important;}&#8220;][vc_column_inner][vc_column_text]<\/p>\n<h2>Projet de fusion d&#8217;\u00e9coles HES<\/h2>\n<p>[\/vc_column_text][vc_column_text]<\/p>\n<h3>Pour une haute \u00e9cole des arts \u00e0 la Jonction &#8211; Gen\u00e8ve<\/h3>\n<p>[\/vc_column_text][vc_column_text]HES SO Gen\u00e8ve \/ 2012 \/ Management culturel[\/vc_column_text][\/vc_column_inner][\/vc_row_inner][vc_separator type=&#8220;normal&#8220; border_style=&#8220;&#8220; up=&#8220;15&#8243; down=&#8220;20&#8243; color=&#8220;#000000&#8243;][\/vc_column][\/vc_row][vc_row row_type=&#8220;row&#8220; use_row_as_full_screen_section=&#8220;no&#8220; type=&#8220;full_width&#8220; text_align=&#8220;left&#8220; background_animation=&#8220;none&#8220; css_animation=&#8220;&#8220; el_class=&#8220;.bigger&#8220;][vc_column][vc_row_inner row_type=&#8220;row&#8220; type=&#8220;full_width&#8220; use_row_as_full_screen_section_slide=&#8220;no&#8220; text_align=&#8220;left&#8220; css_animation=&#8220;&#8220; css=&#8220;.vc_custom_1578238301959{padding-right: 20px !important;padding-left: 20px !important;}&#8220;][vc_column_inner][vc_column_text]<\/p>\n<h2>Mod\u00e8le d&#8217;affaire<\/h2>\n<p>[\/vc_column_text][vc_column_text]<\/p>\n<h3>Nouveau mod\u00e8le d&#8217;affaire pour le Th\u00e9\u00e2tre Palace \u00e0 Bienne<\/h3>\n<p>[\/vc_column_text][vc_column_text]Ville de Bienne &#8211; Canton de Berne \/ 2010 \/ Management culturel[\/vc_column_text][\/vc_column_inner][\/vc_row_inner][vc_separator type=&#8220;normal&#8220; border_style=&#8220;&#8220; up=&#8220;15&#8243; down=&#8220;20&#8243; color=&#8220;#000000&#8243;][\/vc_column][\/vc_row][vc_row row_type=&#8220;row&#8220; use_row_as_full_screen_section=&#8220;no&#8220; type=&#8220;full_width&#8220; text_align=&#8220;left&#8220; background_animation=&#8220;none&#8220; css_animation=&#8220;&#8220; el_class=&#8220;.bigger&#8220;][vc_column][vc_row_inner row_type=&#8220;row&#8220; type=&#8220;full_width&#8220; use_row_as_full_screen_section_slide=&#8220;no&#8220; text_align=&#8220;left&#8220; css_animation=&#8220;&#8220; css=&#8220;.vc_custom_1578238158093{padding-right: 20px !important;padding-left: 20px !important;}&#8220;][vc_column_inner][vc_column_text]<\/p>\n<h2>Mandat d&#8217;\u00e9valuation<\/h2>\n<p>[\/vc_column_text][vc_column_text]<\/p>\n<h3><a href=\"https:\/\/www.sutermeister.ch\/site\/wp-content\/uploads\/2019\/08\/Sutermeister_Rapport_Evaluation_TheatrePro.pdf\" target=\"_blank\" rel=\"noopener noreferrer\">Th\u00e9\u00e2tre Pro Valais 2006-2008. Bilan et propositions<\/a><\/h3>\n<h3><\/h3>\n<p>[\/vc_column_text][vc_column_text]Service de la Culture du Canton du Valais \/ 2006[\/vc_column_text][\/vc_column_inner][\/vc_row_inner][vc_separator type=&#8220;normal&#8220; border_style=&#8220;&#8220; up=&#8220;15&#8243; down=&#8220;20&#8243; color=&#8220;#000000&#8243;][\/vc_column][\/vc_row][vc_row row_type=&#8220;row&#8220; use_row_as_full_screen_section=&#8220;no&#8220; type=&#8220;full_width&#8220; text_align=&#8220;left&#8220; background_animation=&#8220;none&#8220; css_animation=&#8220;&#8220;][vc_column][vc_empty_space][\/vc_column][\/vc_row]<\/p>\n<\/div>","protected":false},"excerpt":{"rendered":"<p>[vc_row row_type=&#8220;row&#8220; use_row_as_full_screen_section=&#8220;no&#8220; type=&#8220;full_width&#8220; text_align=&#8220;left&#8220; background_animation=&#8220;none&#8220; css_animation=&#8220;&#8220; el_class=&#8220;bigger&#8220;][vc_column][vc_separator type=&#8220;normal&#8220; border_style=&#8220;&#8220; down=&#8220;15&#8243; color=&#8220;#000000&#8243;][vc_row_inner row_type=&#8220;row&#8220; type=&#8220;full_width&#8220; use_row_as_full_screen_section_slide=&#8220;no&#8220; text_align=&#8220;left&#8220; css_animation=&#8220;&#8220; css=&#8220;.vc_custom_1578238147519{padding-right: 20px !important;padding-left: 20px !important;}&#8220;][vc_column_inner][vc_column_text css=&#8220;&#8220;]District de la Sarine &#8211; Canton de Fribourg[\/vc_column_text][vc_column_text css=&#8220;&#8220;] R\u00e9gionalisation de la culture et de son financement [\/vc_column_text][vc_column_text css=&#8220;&#8220;]District de la Sarine\u00a0 \/&#8230;<\/p>\n","protected":false},"author":1,"featured_media":0,"parent":0,"menu_order":0,"comment_status":"closed","ping_status":"closed","template":"","meta":{"footnotes":""},"class_list":["post-1000","page","type-page","status-publish","hentry"],"jetpack_sharing_enabled":true,"_links":{"self":[{"href":"https:\/\/www.sutermeister.ch\/de\/wp-json\/wp\/v2\/pages\/1000","targetHints":{"allow":["GET"]}}],"collection":[{"href":"https:\/\/www.sutermeister.ch\/de\/wp-json\/wp\/v2\/pages"}],"about":[{"href":"https:\/\/www.sutermeister.ch\/de\/wp-json\/wp\/v2\/types\/page"}],"author":[{"embeddable":true,"href":"https:\/\/www.sutermeister.ch\/de\/wp-json\/wp\/v2\/users\/1"}],"replies":[{"embeddable":true,"href":"https:\/\/www.sutermeister.ch\/de\/wp-json\/wp\/v2\/comments?post=1000"}],"version-history":[{"count":27,"href":"https:\/\/www.sutermeister.ch\/de\/wp-json\/wp\/v2\/pages\/1000\/revisions"}],"predecessor-version":[{"id":2493,"href":"https:\/\/www.sutermeister.ch\/de\/wp-json\/wp\/v2\/pages\/1000\/revisions\/2493"}],"wp:attachment":[{"href":"https:\/\/www.sutermeister.ch\/de\/wp-json\/wp\/v2\/media?parent=1000"}],"curies":[{"name":"wp","href":"https:\/\/api.w.org\/{rel}","templated":true}]}}