{"id":973,"date":"2019-07-16T11:38:43","date_gmt":"2019-07-16T09:38:43","guid":{"rendered":"https:\/\/www.sutermeister.ch\/accueil\/"},"modified":"2024-04-14T22:38:41","modified_gmt":"2024-04-14T20:38:41","slug":"home","status":"publish","type":"page","link":"https:\/\/www.sutermeister.ch\/de\/","title":{"rendered":"Home"},"content":{"rendered":"<div class=\"wpb-content-wrapper\"><p>[vc_row row_type=&#8220;row&#8220; use_row_as_full_screen_section=&#8220;no&#8220; type=&#8220;full_width&#8220; text_align=&#8220;left&#8220; background_animation=&#8220;none&#8220; css_animation=&#8220;&#8220; content_placement=&#8220;top&#8220; parallax=&#8220;content-moving&#8220; parallax_image=&#8220;16&#8243;][vc_column][vc_column_text css=&#8220;&#8220;]Herzlich willkommen!<\/p>\n<p>Mit \u00fcber 20 Jahren Erfahrung in verschiedenen Managementpositionen und Expertise in Kultur und Ausbildung, sowohl auf f\u00f6deraler als auch auf kantonaler Ebene, engagiere ich mich leidenschaftlich und rigoros f\u00fcr \u00f6ffentliche Beh\u00f6rden, Organisationen, Institutionen und kulturelle Akteure, die ihre Strategien st\u00e4rken oder weiterentwickeln m\u00f6chten.<\/p>\n<p>Fest davon \u00fcberzeugt durch die konstruktiven Reibungen zwischen empirischen Erfahrungen und Theorie, biete ich Fachwissen, das auf wissenschaftlicher Forschung basiert und durch eine &#8222;innere&#8220; Kenntnis des kulturellen Milieus bereichert ist.<\/p>\n<p>Wir alle beobachten es: Seit COVID-19 ver\u00e4ndert sich die Welt um uns herum: Klimawandel, laufende Digitalisierung, sich vermehrende bewaffnete Konflikte, psychische Gesundheitsprobleme, unter anderem, gestalten die Welt der Kultur neu und laden uns zum Handeln ein. Angesichts dieser Herausforderungen m\u00fcssen wir dringend kulturelle Organisationen und kulturelle Politiken neu \u00fcberdenken.<\/p>\n<p>Als Beraterin setze ich eine ganze Reihe von Facilitation-Tools ein, spielerisch und \u00fcberraschend, um eine Ausrichtung zwischen den Werten der Organisation, ihrer Struktur (Organisation und Governance) und den von ihr angebotenen Inhalten so tief wie m\u00f6glich zu f\u00f6rdern.<\/p>\n<p>Ich bin spezialisiert auf folgende Bereiche:<\/p>\n<ul>\n<li>F\u00f6rderung der psychischen Gesundheit in der Kultur durch Workshops und strategische Reflexionen;<\/li>\n<li>Unterst\u00fctzung bei der Identifizierung und L\u00f6sung von Problemen, der Definition einer Strategie und der Ausrichtung aller Facetten der Organisation an dieser Strategie (Werte, Unternehmenskultur, Inhalt);<\/li>\n<li>Unterst\u00fctzung \u00f6ffentlicher Kollektive bei der Definition kultureller Politiken, die mit konkreten Problemen vor Ort in Einklang stehen.<\/li>\n<\/ul>\n<p>&nbsp;<\/p>\n<p>Alle Informationen zu meinen Dienstleistungen finden Sie auf der entsprechenden Seite. Ich freue mich darauf, mit Ihnen \u00fcber Ihre Bed\u00fcrfnisse zu sprechen!<\/p>\n<p>Bis bald![\/vc_column_text][vc_empty_space height=&#8220;60px&#8220;][vc_column_text el_class=&#8220;.smaller&#8220;]<\/p>\n<h4><a href=\"mailto:contact@sutermeister.ch\">contact@sutermeister.ch<\/a><br \/>\n<a href=\"http:\/\/eepurl.com\/gERJhH\" target=\"_blank\" rel=\"noopener noreferrer\">Meinen Newsletter abonnieren<\/a><br \/>\n<a href=\"https:\/\/ch.linkedin.com\/in\/anne-catherine-sutermeister-a7286b28\" target=\"_blank\" rel=\"noopener noreferrer\"><img loading=\"lazy\" decoding=\"async\" class=\"alignnone wp-image-75\" style=\"float: left; margin: 10px 5px 0px 0;\" src=\"https:\/\/www.sutermeister.ch\/site\/wp-content\/uploads\/2019\/07\/linkedin-4096-black.png\" alt=\"\" width=\"40\" height=\"40\" \/><\/a> <a href=\"https:\/\/www.instagram.com\/anne_catherine_sutermeister\/\" target=\"_blank\" rel=\"noopener noreferrer\"><img loading=\"lazy\" decoding=\"async\" class=\"alignnone\" style=\"padding-top: 7px; float: left; margin: 5px 18px 0px 5px;\" src=\"https:\/\/www.sutermeister.ch\/site\/wp-content\/uploads\/2019\/07\/instagram_4096_black.png\" alt=\"\" width=\"40\" height=\"40\" \/><\/a> <a href=\"https:\/\/twitter.com\/annecatherinesu\" target=\"_blank\" rel=\"noopener noreferrer\"><img loading=\"lazy\" decoding=\"async\" class=\"alignnone\" style=\"padding-top: 7px; float: left; margin: 7px 10px 0px 2px;\" src=\"https:\/\/www.sutermeister.ch\/site\/wp-content\/uploads\/2019\/07\/twitter-150x150.png\" alt=\"logo twitter\" width=\"32\" height=\"32\" \/><\/a><\/h4>\n<div style=\"clear: both;\"><\/div>\n<p>[\/vc_column_text][vc_empty_space][\/vc_column][\/vc_row]<\/p>\n<\/div>","protected":false},"excerpt":{"rendered":"<p>[vc_row row_type=&#8220;row&#8220; use_row_as_full_screen_section=&#8220;no&#8220; type=&#8220;full_width&#8220; text_align=&#8220;left&#8220; background_animation=&#8220;none&#8220; css_animation=&#8220;&#8220; content_placement=&#8220;top&#8220; parallax=&#8220;content-moving&#8220; parallax_image=&#8220;16&#8243;][vc_column][vc_column_text css=&#8220;&#8220;]Herzlich willkommen! Mit \u00fcber 20 Jahren Erfahrung in verschiedenen Managementpositionen und Expertise in Kultur und Ausbildung, sowohl auf f\u00f6deraler als auch auf kantonaler Ebene, engagiere ich mich leidenschaftlich und rigoros f\u00fcr \u00f6ffentliche Beh\u00f6rden, Organisationen, Institutionen&#8230;<\/p>\n","protected":false},"author":1,"featured_media":0,"parent":0,"menu_order":0,"comment_status":"closed","ping_status":"closed","template":"","meta":{"footnotes":""},"class_list":["post-973","page","type-page","status-publish","hentry"],"jetpack_sharing_enabled":true,"_links":{"self":[{"href":"https:\/\/www.sutermeister.ch\/de\/wp-json\/wp\/v2\/pages\/973","targetHints":{"allow":["GET"]}}],"collection":[{"href":"https:\/\/www.sutermeister.ch\/de\/wp-json\/wp\/v2\/pages"}],"about":[{"href":"https:\/\/www.sutermeister.ch\/de\/wp-json\/wp\/v2\/types\/page"}],"author":[{"embeddable":true,"href":"https:\/\/www.sutermeister.ch\/de\/wp-json\/wp\/v2\/users\/1"}],"replies":[{"embeddable":true,"href":"https:\/\/www.sutermeister.ch\/de\/wp-json\/wp\/v2\/comments?post=973"}],"version-history":[{"count":32,"href":"https:\/\/www.sutermeister.ch\/de\/wp-json\/wp\/v2\/pages\/973\/revisions"}],"predecessor-version":[{"id":2456,"href":"https:\/\/www.sutermeister.ch\/de\/wp-json\/wp\/v2\/pages\/973\/revisions\/2456"}],"wp:attachment":[{"href":"https:\/\/www.sutermeister.ch\/de\/wp-json\/wp\/v2\/media?parent=973"}],"curies":[{"name":"wp","href":"https:\/\/api.w.org\/{rel}","templated":true}]}}