{"id":988,"date":"2019-07-17T11:07:57","date_gmt":"2019-07-17T09:07:57","guid":{"rendered":"https:\/\/www.sutermeister.ch\/a-propos\/"},"modified":"2024-07-06T17:25:57","modified_gmt":"2024-07-06T15:25:57","slug":"a-propos","status":"publish","type":"page","link":"https:\/\/www.sutermeister.ch\/de\/a-propos\/","title":{"rendered":"Einige Infos"},"content":{"rendered":"<div class=\"wpb-content-wrapper\"><p>[vc_row row_type=&#8220;row&#8220; use_row_as_full_screen_section=&#8220;no&#8220; type=&#8220;full_width&#8220; text_align=&#8220;left&#8220; background_animation=&#8220;none&#8220; css_animation=&#8220;&#8220;][vc_column][vc_accordion active_tab=&#8220;false&#8220; collapsible=&#8220;yes&#8220; style=&#8220;accordion&#8220;][vc_accordion_tab title=&#8220;Ein paar Worte zu meinem Background&#8220; title_tag=&#8220;h2&#8243;][vc_column_text css=&#8220;&#8220;]Ich arbeite seit mehr als 20 Jahren im Bereich der Kulturpolitik und des Kulturmanagements, sowohl im operativen Bereich (Management- und andere Managementfunktionen) als auch in der Forschung, ver\u00f6ffentliche regelm\u00e4\u00dfig meine Ideen und gebe Kurse in verschiedenen Fachhochschulen und Universit\u00e4ten.<\/p>\n<p>Ich n\u00e4here mich den neuen Herausforderungen des kulturellen und k\u00fcnstlerischen Umfelds aus einer globalen Sichtweise, indem ich die Wechselwirkungen \u00a0mit anderen Sektoren oder Disziplinen analysiere, um nachhaltige und koh\u00e4rente L\u00f6sungen vorzuschlagen.<\/p>\n<p>Ich interessiere mich seit mehreren Jahren f\u00fcr die Opportunit\u00e4ten, die neue Business Modelle f\u00fcr die Kultur bieten : In der Tat ist es interessant, dass kulturelle Strukturen relativ traditionell organisiert sind, mit klassischen Hierarchien und Gesch\u00e4ftsmodellen. Doch sowohl neue Governance-Modelle (Holokratie, Soziokratie, befreite Unternehmen usw.) als auch andere Wirtschaftsmodelle, die z. B. aus der Solidar- und Kreislaufwirtschaft stammen, k\u00f6nnen neue Potenziale entfalten.<\/p>\n<p><strong>Meine derzeitigen Mandate umfassen:<\/strong><\/p>\n<p>&#8211; Die strategische Entwicklung von Kulturorganisationen (Theater, Museen, Vereine, Stiftungen, usw) ;<\/p>\n<p>&#8211; Die Einf\u00fchrung einer effizienten und aufgabengerechten Governance;<\/p>\n<p>&#8211; Die Begleitung einer vom Bundesamt f\u00fcr Kultur und der Konferenz der kantonalen Kulturbeauftragten in Auftrag gegebenen Studie \u00fcber die w\u00e4hrend der COVID-19-Pandemie unterst\u00fctzten Transformationsprojekte;<\/p>\n<p>&#8211; Die Einrichtung einer regionalen Finanzierungsstruktur f\u00fcr Kultur;<\/p>\n<p>&#8211; Das Design des CAS in Kulturpolitik im Rahmen des MAS in Kulturmanagement an den Universit\u00e4ten Lausanne und Genf.<\/p>\n<p><strong>Mein CV in k\u00fcrze :<\/strong><\/p>\n<ul>\n<li>Dr. phil. in Theaterwissenschaft, DAS in Kulturmanagement und MBA in Wirtschaft und Management.<\/li>\n<li>Dozentin f\u00fcr Kulturpolitik (<a href=\"https:\/\/www.formation-continue-unil-epfl.ch\/formation\/gestion-culturelle-das\/\">Kulturmanagement in Lausanne \/ Genf<\/a> und <a href=\"https:\/\/kulturmanagement.philhist.unibas.ch\/de\/studienangebot\/cas-innovation-und-change\/\">Kulturmanagement CAS<\/a> in Change Management und Innovation &#8211; Universit\u00e4t Basel, <a href=\"https:\/\/www.eesp.ch\/fileadmin\/user_upload\/formation_continue\/descriptifs_cas\/Descriptif_CAS_DAS_MC_2020.pdf\">DAS in Kulturvermittlung, EESP-HES Lausanne<\/a>)<\/li>\n<li>Verschiedene Aktivit\u00e4ten und Stellen im Bereich der Kulturpolitik (Commission vaudoise pour le th\u00e9\u00e2tre ind\u00e9pendant, Amt f\u00fcr Kultur des Kantons Bern, Stiftungsrat von <a href=\"https:\/\/prohelvetia.ch\/de\/\">Pro Helvetia<\/a> (2009-2017) <a href=\"https:\/\/sapa.swiss\/uber-uns\/\">Stiftungsrat SAPA &#8211; Swiss Archive of Performing Arts <\/a>)<\/li>\n<li>Stellen im Bereich der k\u00fcnstlerischen\u00a0 Forschung (<a href=\"https:\/\/www.manufacture.ch\/\">Manufacture-Lausanne<\/a>; <a href=\"https:\/\/www.hesge.ch\/head\/\">Haute \u00e9cole d&#8217;art et de design &#8211; HEAD-Geneve<\/a> )Mehrere Mandate f\u00fcr die Evaluation und Entwicklung der Kulturpolitik in der Westschweiz. 2020 entwickelte sie f\u00fcr die Stadt Nyon ein Konzept f\u00fcr die<a href=\"https:\/\/www.nyon.ch\/actualites\/la-ville-de-nyon-se-dote-dun-rapport-de-politique-sectorielle-consacre-a-la-culture-9070\"> st\u00e4dtische Kulturpolitik<\/a>.<\/li>\n<li><\/li>\n<\/ul>\n<p>Vom 1. September 2020 bis Ende Oktober 2022 hatte ich das Vergn\u00fcgen, die <a href=\"https:\/\/www.vs.ch\/de\/web\/culture\">Dienststelle f\u00fcr Kultur<\/a> des Staates Wallis zu leiten. Ich kam w\u00e4hrend des COVID-19 an und konnte rasch ein innovatives Programm zur Unterst\u00fctzung der durch die Pandemie stillgelegten Kulturschaffenden einf\u00fchren: Forschungsstipendien, die es den K\u00fcnstlern erm\u00f6glichten, neue Facetten ihrer Arbeit zu erforschen, die noch nie zuvor gesehen worden waren oder die der hohe Produktionsrhythmus verhindert hatte.<\/p>\n<p>Au\u00dferdem wurde die Einleitung umfassenderer \u00dcberlegungen zum Kultur- und Museumszentrum in Sitten eingeleitet, um einen hochattraktiven Standort zu entwickeln. Der Grosse Rat stimmte dem Bau eines \u00f6ffentlich zug\u00e4nglichen Lagerraums f\u00fcr die Sammlungen der Kantonsmuseen und die Vermittlung zu.<\/p>\n<p>Zusammen mit dem F\u00fchrungsteam haben wir den Inhalt des <a href=\"https:\/\/www.vs.ch\/documents\/249470\/825165\/Jahresbericht+2021.pdf\/cdfac82c-85d2-c6f5-eada-7beb8cb22647?t=1663935557294&amp;v=1.2\">Jahresberichts<\/a> komplett \u00fcberarbeitet und ein Dokument entwickelt, das sich auf Infografiken konzentriert und eine zeitgem\u00e4\u00dfe und dynamische \u00c4sthetik aufweist.<\/p>\n<p>Um ein zeitgen\u00f6ssisches und dynamisches Bild der Walliser Kultur in der Deutschschweiz besser zu verbreiten, haben wir in Zusammenarbeit mit Transhelvetica eine <a href=\"https:\/\/transhelvetica.ch\/produkt\/wallis-eine-kulturreise-2023\/?v=1ee0bf89c5d1\">Sonderpublikation<\/a> konzipiert.<\/p>\n<p>Schliesslich habe ich ein Pilotprojekt lanciert, um den Fortbestand wichtiger Institutionen im Wallis zu sichern: Mit der <a href=\"https:\/\/ferme-asile.ch\/\">Ferme-Asile<\/a> in Sitten, dem <a href=\"https:\/\/www.musikdorf.ch\/de\">Musikdorf Ernen<\/a> und dem<a href=\"https:\/\/palpfestival.ch\"> Palp Festival<\/a> in Bagnes wurden drei Pilot-Leistungsvereinbarungen abgeschlossen, um ihre Unterst\u00fctzung langfristig zu sichern.<\/p>\n<p>Derzeit Head of Community, Arts and Engagement bei der <a href=\"http:\/\/www.iofc.ch\">Stiftung Initiative of Change<\/a> und Beraterin und Leiterin des CAS in Kulturpolitik im Rahmen des MAS in Kulturmanagement an den Universit\u00e4ten Lausanne und Genf.<\/p>\n<p>Den vollst\u00e4ndigen Lebenslauf finden Sie weiter unten.[\/vc_column_text][\/vc_accordion_tab][vc_accordion_tab title=&#8220;Meine Forschungsthemen&#8220;][vc_column_text]<strong>Mein aktuelles Thema : zuk\u00fcnftige Gesch\u00e4ftsmodelle im Kultursektor und Digitalisierung\u00a0<\/strong><\/p>\n<p>Da die \u00f6ffentlichen Subventionen stagnieren oder, schlimmer noch, reduziert werden, stehen die Akteure des Kultursektors vor neuen Herausforderungen. Eine globale Analyse des aktuellen<strong> Gesch\u00e4ftsmodells<\/strong> erm\u00f6glicht es, die vielf\u00e4ltigen Facetten einer Organisation zu st\u00e4rken und Entwicklungsm\u00f6glichkeiten zu bieten. Dar\u00fcber hinaus kann die Palette innovativer Gesch\u00e4ftsmodelle (offenes Modell, Diversifizierung, Cross-Selling, UX, Neuausrichtung, Long Tail usw.) dazu beitragen, den Kultursektor nachhaltig zu inspirieren und zu st\u00e4rken, ohne auf den Begriff des \u00f6ffentlichen Dienstes zu verzichten.<\/p>\n<p>Was die <strong>Digitalisierung<\/strong> angeht, so betrifft sie die ganze Wertsch\u00f6pfungskette im weitesten Sinne: von der k\u00fcnstlerischen Produktion bis zum Vertrieb, \u00fcber den elektronischen Handel, die Kulturvermittlung, die Kommunikation, das responsive Marketing, die Entwicklung der Community und des Publikums sind oder werden alle Sektoren betroffen sein.[\/vc_column_text][\/vc_accordion_tab][vc_accordion_tab title=&#8220;Curriculum vitae&#8220;][vc_column_text css=&#8220;&#8220;]Laden Sie meinen Lebenslauf herunter <a href=\"https:\/\/www.sutermeister.ch\/site\/wp-content\/uploads\/2024\/07\/CV_D_Sutermeister_2024.pdf\">CV_D_Sutermeister_2024<\/a>[\/vc_column_text][\/vc_accordion_tab][\/vc_accordion][vc_empty_space height=&#8220;50px&#8220;][\/vc_column][\/vc_row]<\/p>\n<\/div>","protected":false},"excerpt":{"rendered":"<p>[vc_row row_type=&#8220;row&#8220; use_row_as_full_screen_section=&#8220;no&#8220; type=&#8220;full_width&#8220; text_align=&#8220;left&#8220; background_animation=&#8220;none&#8220; css_animation=&#8220;&#8220;][vc_column][vc_accordion active_tab=&#8220;false&#8220; collapsible=&#8220;yes&#8220; style=&#8220;accordion&#8220;][vc_accordion_tab title=&#8220;Ein paar Worte zu meinem Background&#8220; title_tag=&#8220;h2&#8243;][vc_column_text css=&#8220;&#8220;]Ich arbeite seit mehr als 20 Jahren im Bereich der Kulturpolitik und des Kulturmanagements, sowohl im operativen Bereich (Management- und andere Managementfunktionen) als auch in der Forschung, ver\u00f6ffentliche&#8230;<\/p>\n","protected":false},"author":1,"featured_media":0,"parent":0,"menu_order":0,"comment_status":"closed","ping_status":"closed","template":"","meta":{"footnotes":""},"class_list":["post-988","page","type-page","status-publish","hentry"],"jetpack_sharing_enabled":true,"_links":{"self":[{"href":"https:\/\/www.sutermeister.ch\/de\/wp-json\/wp\/v2\/pages\/988","targetHints":{"allow":["GET"]}}],"collection":[{"href":"https:\/\/www.sutermeister.ch\/de\/wp-json\/wp\/v2\/pages"}],"about":[{"href":"https:\/\/www.sutermeister.ch\/de\/wp-json\/wp\/v2\/types\/page"}],"author":[{"embeddable":true,"href":"https:\/\/www.sutermeister.ch\/de\/wp-json\/wp\/v2\/users\/1"}],"replies":[{"embeddable":true,"href":"https:\/\/www.sutermeister.ch\/de\/wp-json\/wp\/v2\/comments?post=988"}],"version-history":[{"count":42,"href":"https:\/\/www.sutermeister.ch\/de\/wp-json\/wp\/v2\/pages\/988\/revisions"}],"predecessor-version":[{"id":2492,"href":"https:\/\/www.sutermeister.ch\/de\/wp-json\/wp\/v2\/pages\/988\/revisions\/2492"}],"wp:attachment":[{"href":"https:\/\/www.sutermeister.ch\/de\/wp-json\/wp\/v2\/media?parent=988"}],"curies":[{"name":"wp","href":"https:\/\/api.w.org\/{rel}","templated":true}]}}